{"id":1989,"date":"2025-07-29T11:31:16","date_gmt":"2025-07-29T08:31:16","guid":{"rendered":"https:\/\/kosher-store.com\/?post_type=product&#038;p=1989"},"modified":"2025-09-01T19:55:37","modified_gmt":"2025-09-01T16:55:37","slug":"2025-new-for-xiaomi-smart-ring-men-women-heart-rate-and-blood-oxygen-monitor-smartring-ip68-5atm-waterproof-multi-sport-mode-2","status":"publish","type":"product","link":"https:\/\/kosher-store.com\/en\/product\/2025-new-for-xiaomi-smart-ring-men-women-heart-rate-and-blood-oxygen-monitor-smartring-ip68-5atm-waterproof-multi-sport-mode-2\/","title":{"rendered":"2025 New Xiaomi Smart Ring for Men and Women, Heart Rate and Blood Oxygen Monitor Smartring IP68 &amp; 5ATM Waterproof, Multi-functional Sports Mode"},"content":{"rendered":"<p>\n<p><span>Smart Ring: Minimalist Elegance, Innovative Performance Naturally Smart goes beyond personal wearables with a minimalist design and transparent internal design. The smart ring uses advanced technology to achieve accurate information and intelligent manufacturing. Fashionable, simple and generous, both the appearance and hardware perform exceptionally.<\/span><\/p>\n<p style=\"line-height:inherit;margin:0px;margin-bottom:0px;margin-top:0px;margin-left:0px;margin-right:0px;padding-bottom:0px;padding-top:0px;padding-left:0px;padding-right:0px\"><\/p>\n<p>\u3010Smart Ring: 24\/7 Heart Health Monitoring\u3011As a professional heart health advisor, the smart ring, equipped with a precise and high-performance heart rate sensor, accurately receives data and monitors your heart activity 24\/7. The smart ring intelligently analyzes the relationship between your activity and heart rate, while the app sends you reminders when your heart rate is too high.<\/span><\/p>\n<p style=\"line-height:inherit;margin:0px;margin-bottom:0px;margin-top:0px;margin-left:0px;margin-right:0px;padding:0px;padding-bottom:0px;padding-top:0px;padding-left:0px;padding-right:0px\"><\/p>\n<p style=\"line-height:inherit;margin:0px;margin-bottom:0px;margin-top:0px;margin-left:0px;margin-right:0px;padding:0px;padding-bottom:0px;padding-top:0px;padding-left:0px;padding-right:0px\"><span>\u00d7\u20acSmart Ring: Comprehensive Sleep Analysis. By analyzing sleep efficiency, dwell time, timing, stages, movements, heart rate variability, and body temperature, our sleep analysis provides a comprehensive understanding of sleep behaviors and physical states.<\/span><\/p>\n<p style=\"line-height:inherit;margin:0px;margin-bottom:0px;margin-top:0px;margin-left:0px;margin-right:0px;padding:0px;padding-bottom:0px;padding-top:0px;padding-left:0px;padding-right:0px\"><\/p>\n<p style=\"line-height:inherit;margin:0px;margin-bottom:0px;margin-top:0px;margin-left:0px;margin-right:0px;padding:0px;padding-bottom:0px;padding-top:0px;padding-left:0px;padding-right:0px\"><span>\u3010\u3010\u3010\u3010Smart Ring: Upgrade Your Fitness\u3011 \u2026 Analyze your device\u2019s map route tracking and workout data to improve performance and push yourself beyond your limits.<\/span><\/p>\n<p style=\"line-height:inherit;margin:0px;margin-bottom:0px;margin-top:0px;margin-left:0px;margin-right:0px;padding-bottom:0px;padding-top:0px;padding-left:0px;padding-right:0px\"><\/p>\n<p>Smart Ring: All-day monitoring. The smart ring, which uses patented energy-saving technology, promises 4-6 days of continuous monitoring without recharging.<\/span><\/p>\n<p style=\"line-height:inherit;margin:0px;margin-bottom:0px;margin-top:0px;margin-left:0px;margin-right:0px;padding-bottom:0px;padding-top:0px;padding-left:0px;padding-right:0px\"><\/p>\n<p>\u30a2\u30a4\u30f3\u30b9\u30c8 \u2026 The device supports Android 5.0 and iOS 10.0 and above.<\/span><\/p>\n<p style=\"line-height:inherit;margin:0px;margin-bottom:0px;margin-top:0px;margin-left:0px;margin-right:0px;padding:0px;padding-bottom:0px;padding-top:0px;padding-left:0px;padding-right:0px\"><\/p>\n<p style=\"line-height:inherit;margin:0px;margin-bottom:0px;margin-top:0px;margin-left:0px;margin-right:0px;padding:0px;padding-bottom:0px;padding-top:0px;padding-left:0px;padding-right:0px\"><span>Waterproof and dustproof, rated IPX8, resistant to problems.<\/span><\/p>\n<p style=\"line-height:inherit;margin:0px;margin-bottom:0px;margin-top:0px;margin-left:0px;margin-right:0px;padding:0px;padding-bottom:0px;padding-top:0px;padding-left:0px;padding-right:0px\"><\/p>\n<p style=\"line-height:inherit;margin:0px;margin-bottom:0px;margin-top:0px;margin-left:0px;margin-right:0px;padding:0px;padding-bottom:0px;padding-top:0px;padding-left:0px;padding-right:0px\"><\/p>\n<p>&lt;p \u05d2\u05d5\u05d3\u05dc: \u00bc\u0161<\/span><\/strong><\/p>\n<p>Size: \u00bc\u0161<\/span><\/strong><\/p>\n<p style=\"line-height:inherit;margin:0px;margin-bottom:0px;margin-top:0px;margin-left:0px;margin-right:0px;padding:0px;padding-bottom:0px;padding-top:0px;padding-left:0px;padding-right:0px\"><\/p>\n<p style=\"line-height:inherit;margin:0px;margin-bottom:0px;margin-top:0px;margin-left:0px;margin-right:0px;padding:0px;padding-bottom:0px;padding-top:0px;padding-left:0px;padding-right:0px\"><span>7#-17.4mm; 8#-18.2mm; 9#-19.0mm; 10#-19.9mm; 11#-20.7mm; 12#-21.5mm<\/span><\/p>\n<p style=\"line-height:inherit;margin:0px;margin-bottom:0px;margin-top:0px;margin-left:0px;margin-right:0px;padding:0px;padding-bottom:0px;padding-top:0px;padding-left:0px;padding-right:0px\">\n<p style=\"line-height:inherit;margin:0px;margin-bottom:0px;margin-top:0px;margin-left:0px;margin-right:0px;padding:0px;padding-bottom:0px;padding-top:0px;padding-left:0px;padding-right:0px\"><strong><span>Product parameters:<\/span><\/strong><\/p>\n<p style=\"line-height:inherit;margin:0px;margin-bottom:0px;margin-top:0px;margin-left:0px;margin-right:0px;padding:0px;padding-bottom:0px;padding-top:0px;padding-left:0px;padding-right:0px\"><\/p>\n<p style=\"line-height:inherit;margin:0px;margin-bottom:0px;margin-top:0px;margin-left:0px;margin-right:0px;padding:0px;padding-bottom:0px;padding-top:0px;padding-left:0px;padding-right:0px\"><\/p>\n<p>&lt;p \u05e2\u05d9\u05d1\u05d5\u05d3: AC6323.<\/span><\/p>\n<p style=\"line-height:inherit;margin:0px;margin-bottom:0px;margin-top:0px;margin-left:0px;margin-right:0px;padding:0px;padding-bottom:0px;padding-top:0px;padding-left:0px;padding-right:0px\"><span>Processor: AC6323.<\/span><\/p>\n<p style=\"line-height:inherit;margin:0px;margin-bottom:0px;margin-top:0px;margin-left:0px;margin-right:0px;padding:0px;padding-bottom:0px;padding-top:0px;padding-left:0px;padding-right:0px\">&lt;span \u05d2\u05e8\u05e1\u05ea \u05d1\u05dc\u05d5\u05d8\u05d5\u05ea&#039;: BLE 5.3.<\/span><\/p>\n<p style=\"line-height:inherit;margin:0px;margin-bottom:0px;margin-top:0px;margin-left:0px;margin-right:0px;padding:0px;padding-bottom:0px;padding-top:0px;padding-left:0px;padding-right:0px\"><span>Full battery: 25mAh.<\/span><\/p>\n<p style=\"line-height:inherit;margin:0px;margin-bottom:0px;margin-top:0px;margin-left:0px;margin-right:0px;padding:0px;padding-bottom:0px;padding-top:0px;padding-left:0px;padding-right:0px\"><span>Material: Stainless steel case<\/span><\/p>\n<p>Waiting time: approximately 7-9 days.<\/span><\/p>\n<p>Working time: about 3-5 days.<\/span><\/p>\n<p>&lt;p \u05d6\u05de\u05df \u05d8\u05e2\u05d9\u05e0\u05d4: 0.5 \u05e9\u05e2\u05d5\u05ea.<\/span><\/p>\n<p style=\"line-height:inherit;margin:0px;margin-bottom:0px;margin-top:0px;margin-left:0px;margin-right:0px;padding:0px;padding-bottom:0px;padding-top:0px;padding-left:0px;padding-right:0px\"><span>Color time: 0.5 hours.<\/span><\/p>\n<p style=\"line-height:inherit;margin:0px;margin-bottom:0px;margin-top:0px;margin-left:0px;margin-right:0px;padding:0px;padding-bottom:0px;padding-top:0px;padding-left:0px;padding-right:0px\">&lt;span \u05d7\u05d9\u05d9\u05e9\u05df \u05d3\u05d5\u05e4\u05e7: GH3018.<\/span><\/p>\n<p style=\"line-height:inherit;margin:0px;margin-bottom:0px;margin-top:0px;margin-left:0px;margin-right:0px;padding:0px;padding-bottom:0px;padding-top:0px;padding-left:0px;padding-right:0px\"><span>Charging: Magnetic charging \/ charging case (optional).<\/span><\/p>\n<p>Waterproof level: IP68.<\/span><\/p>\n<p>Charging requirement: 1A charging or less.<\/span><\/p>\n<p style=\"line-height:inherit;margin:0px;margin-bottom:0px;margin-top:0px;margin-left:0px;margin-right:0px;padding:0px;padding-bottom:0px;padding-top:0px;padding-left:0px;padding-right:0px\"><span>App: SmartHealth.<\/span><\/p>\n<p>&lt;p \u05de\u05e2\u05e8\u05db\u05ea \u05d4\u05e4\u05e2\u05dc\u05d4: android8.0+ \/ ios10.0+.<\/span><\/p>\n<p style=\"line-height:inherit;margin:0px;margin-bottom:0px;margin-top:0px;margin-left:0px;margin-right:0px;padding:0px;padding-bottom:0px;padding-top:0px;padding-left:0px;padding-right:0px\"><span>Operating system: android8.0+ \/ ios10.0+.<\/span><\/p>\n<p style=\"line-height:inherit;margin:0px;margin-bottom:0px;margin-top:0px;margin-left:0px;margin-right:0px;padding:0px;padding-bottom:0px;padding-top:0px;padding-left:0px;padding-left:0px\">Operation: The ring has no touch and no buttons; the app starts motion and function tests<\/span><\/p>\n<p style=\"line-height:inherit;margin:0px;margin-bottom:0px;margin-top:0px;margin-left:0px;margin-right:0px;padding: 0px;padding-bottom:0px;padding-top:0px;padding-left:0px;padding-right:0px\">\n<p style=\"line-height:inherit;margin:0px;margin-bottom:0px;margin-top:0px;margin-left:0px;margin-right:0px;padding:0px;padding-bottom:0px;padding-top:0px;padding-left:0px;padding-right:0px\"><strong><span>Main function:<\/span><\/strong><\/p>\n<p style=\"line-height:inherit;margin:0px;margin-bottom:0px;margin-top:0px;margin-left:0px;margin-right:0px;padding:0px;padding-bottom:0px;padding-top:0px;padding-left:0px;padding-right:0px\"><\/p>\n<p style=\"line-height:inherit;margin:0px;margin-bottom:0px;margin-top:0px;margin-left:0px;margin-right:0px;padding:0px;padding-bottom:0px;padding-top:0px;padding-left:0px;padding-right:0px\"><span>Movement data: Accurate distance data \/ Accurate calorie data \/ Accurate step count<\/span><\/p>\n<p>Multi-purpose sports: running, cycling, skipping rope, walking, mountain climbing, yoga, dancing, golf<\/span><\/p>\n<p>&lt;p \u05d7\u05d9\u05d9\u05e9\u05df \u05e6\u05e2\u05d3\u05d9\u05dd \u05d5-G: \u05d0\u05dc\u05d2\u05d5\u05e8\u05d9\u05ea\u05dd \u05e1\u05e4\u05d9\u05e8\u05ea \u05e6\u05e2\u05d3\u05d9\u05dd \u05de\u05d3\u05d5\u05d9\u05e7\u05ea \u05d1\u05d8\u05d1\u05e2\u05ea \u05e9\u05e4\u05d5\u05ea\u05d7 \u05d1\u05d0\u05d5\u05e4\u05df \u05e2\u05e6\u05de\u05d0\u05d9, \u05e2\u05dd \u05e9\u05d9\u05e2\u05d5\u05e8 \u05d3\u05d9\u05d5\u05e7 \u05e9\u05dc \u05d9\u05d5\u05ea\u05e8 \u05de-95%<\/span><\/p>\n<p>Heart rate: The app runs heart rate check\/dynamic heart rate trend and data analysis\/historical heart rate data<\/span><\/p>\n<p>&lt;p style=&quot;line-height:inherit;margin:0px;margin-bottom:0px;margin-top:0px;margin-left:0px;margin-right:0px;padding:0px;padding-bottom:0px;padding-top:0px;padding-left:0px;padding-left:0px;padding-box:pbords-right:pbords-right \u05d4\u05dc\u05d1: \u05d3\u05d9\u05d5\u05e7 \u05e7\u05e6\u05d1 \u05d4\u05dc\u05d1 \u05d4\u05e1\u05d8\u05d8\u05d9 \u05d4\u05d5\u05d0 \u05d9\u05d5\u05ea\u05e8 \u05de-98% (\u05d1\u05d4\u05e9\u05d5\u05d5\u05d0\u05d4 \u05dc\u05d1\u05d3\u05d9\u05e7\u05ea \u05de\u05e2\u05d1\u05d3\u05d4 \u05e9\u05dc \u05d7\u05d2\u05d5\u05e8\u05ea \u05e7\u05e6\u05d1 \u05d4\u05dc\u05d1).<\/span><\/p>\n<p>Sleep: Accurate mode algorithm, work as a reminder.<\/span><\/p>\n<p>Blood oxygen: APP-initiated blood oxygen test \/ continuous blood oxygen data \/ historical blood oxygen data<\/span><\/p>\n<p>Camera Control: The app&#039;s photo feature via a tap.<\/span><\/p>\n<p>Other: Unit format, sedentary reminder, low power reminder, heart rate warning.<\/span><\/p>\n<p><span>WeChat and Apple: Access to WeChat Sports and Apple Health<\/span><\/p>\n<p style=\"line-height:inherit;margin:0px;margin-bottom:0px;margin-top:0px;margin-left:0px;margin-right:0px;padding:0px;padding-bottom:0px;padding-top:0px;padding-left:0px;padding-right:0px\">\n<p style=\"line-height:inherit;margin:0px;margin-bottom:0px;margin-top:0px;margin-left:0px;margin-right:0px;padding:0px;padding-bottom:0px;padding-top:0px;padding-left:0px;padding-right:0px\"><strong><span>The app is compatible with languages<\/span><\/strong><\/p>\n<p style=\"line-height:inherit;margin:0px;margin-bottom:0px;margin-top:0px;margin-left:0px;margin-right:0px;padding:0px;padding-bottom:0px;padding-top:0px;padding-left:0px;padding-right:0px\"><\/p>\n<p style=\"line-height:inherit;margin:0px;margin-bottom:0px;margin-top:0px;margin-left:0px;margin-right:0px;padding:0px;padding-bottom:0px;padding-top:0px;padding-left:0px;padding-right:0px\"><span>The app supports 31 languages: Simplified Chinese, Traditional Chinese, English, French, Italian, Spanish, Portuguese, Japanese, German, Polish, Hungarian, Russian, Ukrainian, Korean, Vietnamese, Thai, Carniolan, Swedish, Norwegian, Danish, Irish, Arabic, Hebrew, Persian (Iranian), Turkish, Romanian, Greek, and Indonesian.<\/span><\/p>\n<p style=\"line-height:inherit;margin:0px;margin-bottom:0px;margin-top:0px;margin-left:0px;margin-right:0px;padding: 0px;padding-bottom:0px;padding-top:0px;padding-left:0px;padding-right:0px\">\n<p>&lt;p \u05e8\u05e9\u05d9\u05de\u05ea \u05d0\u05e8\u05d9\u05d6\u05d4:<\/span><\/strong><\/p>\n<p style=\"line-height:inherit;margin:0px;margin-bottom:0px;margin-top:0px;margin-left:0px;margin-right:0px;padding:0px;padding-bottom:0px;padding-top:0px;padding-left:0px;padding-right:0px\"><\/p>\n<p style=\"line-height:inherit;margin:0px;margin-bottom:0px;margin-top:0px;margin-left:0px;margin-right:0px;padding:0px;padding-bottom:0px;padding-top:0px;padding-left:0px;padding-right:0px\"><\/p>\n<p><strong>Note: There are two types of chargers for smart rings, one is a magnetic charging cable and the other is a charging box.<\/strong><\/span><\/p>\n<p><img decoding=\"async\" src=\"https:\/\/ae01.alicdn.com\/kf\/Sb2472808067541109fbf0dac3c4775ebt.jpg\" \/><img decoding=\"async\" src=\"https:\/\/ae01.alicdn.com\/kf\/S113d98efe63a41c1b20ca70be51666b8f.jpg\" \/><img decoding=\"async\" src=\"https:\/\/ae01.alicdn.com\/kf\/S14c4dc5f4fc0488e9a66c7442ba1dd1cZ.jpg\" \/><img decoding=\"async\" src=\"https:\/\/ae01.alicdn.com\/kf\/S690f8e4aa13b435bb5b722d359175612P.jpg\" \/><img decoding=\"async\" src=\"https:\/\/ae01.alicdn.com\/kf\/S481f83689735441fb26d51d0b4b55618B.jpg\" \/><img decoding=\"async\" src=\"https:\/\/ae01.alicdn.com\/kf\/S9f70e7b8be1942f8b0e2ac815962fef4a.jpg\" \/><img decoding=\"async\" src=\"https:\/\/ae01.alicdn.com\/kf\/Sf6958a4d05b44f909dc57f9db5d42539S.jpg\" \/><img decoding=\"async\" src=\"https:\/\/ae01.alicdn.com\/kf\/S0f4a8c7f4e6f4959a4d5f95d8cc6826ds.jpg\" \/><img decoding=\"async\" src=\"https:\/\/ae01.alicdn.com\/kf\/S33c1483b1cf94975a6da3fb6a269d60fv.jpg\" \/><img decoding=\"async\" src=\"https:\/\/ae01.alicdn.com\/kf\/Sc0458b7f48db497590bfbaeb244a1958A.jpg\" \/><img decoding=\"async\" src=\"https:\/\/ae01.alicdn.com\/kf\/S06d1f257748841b0a382a6346ac9c8cd7.jpg\" \/><img decoding=\"async\" src=\"https:\/\/ae01.alicdn.com\/kf\/S80c4118131c54f91b073b38d02d7d217U.jpg\" \/><img decoding=\"async\" src=\"https:\/\/ae01.alicdn.com\/kf\/S7507f26728644d4497ae5374b620e6010.jpg\" \/><img decoding=\"async\" src=\"https:\/\/ae01.alicdn.com\/kf\/S9241eda9e334499482a972931948375aG.jpg\" \/><img decoding=\"async\" src=\"https:\/\/ae01.alicdn.com\/kf\/S02ae7fbbbfe34c67bf013fda7374154dA.jpg\" \/><img decoding=\"async\" src=\"https:\/\/ae01.alicdn.com\/kf\/S4d742eaf3b124ef49bb6a97a2846720bd.jpg\" \/><img decoding=\"async\" src=\"https:\/\/ae01.alicdn.com\/kf\/S2d52f3a8af3e4db8b44639687c7055dcX.jpg\" \/><img decoding=\"async\" src=\"https:\/\/ae01.alicdn.com\/kf\/Se5bddc8a1fa04353a76d6a1e0a54dc92v.jpg\" \/><img decoding=\"async\" src=\"https:\/\/ae01.alicdn.com\/kf\/S4b0c821b38b348c88f05e54045c1024eZ.jpg\" \/><\/p>\n<p style=\"line-height:inherit;margin:0px;margin-bottom:0px;margin-top:0px;margin-left:0px;margin-right:0px;padding:0px;padding-bottom:0px;padding-top:0px;padding-left:0px;padding-right:0px\" class=\"p\"><span style=\"font-size:12pt;font-family:\u00c3\u00a5\u00c2\u00ae\">Smart Ring Smart Ring 2024 intelligentes\u00c3\u02dc\u02c6\u00c3\u00ac\u2022\u2022\u00c3\u00aa\u00c2\u00b3\u201e\u00c3\u02dc\u00c2\u00ae\u00c3\u02dc\u00c2\u00a7\u00c3\u02dc\u00c2\u00aa\u00c3\u2122\u2026 \u00c3\u02dc\u00c2\u00a7\u00c3\u2122\u201e\u00c3\u02dc\u00c2\u00aa\u00c3\u02dc\u00c2\u00b3\u00c3\u02dc\u00c2\u00a8\u00c3\u2122\u0160\u00c3\u02dc\u00c2 \u00c3\u02dc\u00c2\u00a7\u00c3\u2122\u201e\u00c3\u02dc\u00c2\u00b0\u00c3\u2122\u0192\u00c3\u2122\u0160Rings quantity for men Rings quantity for women anillo hombreanillo intelligente xiaomi Rings anillo intelligente for mentechnologia novedades 2024\u00c3\u00c2\u00ba\u00c3\u00c2\u00be\u00c3\u00c2\u00bb\u00c3&#039;\u0152\u00c3&#039;\u2020\u00c3\u00c2\u00be Ring enables smart elements for men<\/span><\/p>\n<p>anilloanillos para mujererkek y\u00c3\u0192\u00c2\u00bcz\u00c3\u0192\u00c2\u00bck\u00c3\u0192\u00c2\u00bb\u00c3&#039; \u00c3\u00c2\u00b6\u00c3\u00c2\u00b5\u00c3\u00c2\u00bd\u00c3&#039;\u00c3\u00c2\u00ba\u00c3\u00c2\u00be\u00c3\u00c2\u00b5anello smartanel masculinering smartak\u00c3\u201e\u00c2\u00b1ll\u00c3\u201e\u00c2\u00b1 y\u00c3\u0192\u00c2\u00bcz\u00c3\u0192\u00c2\u00bcksmart ring xiaomimens ring\u00c3\u2122\u2021\u00c3\u02dc\u00c2\u00b2\u00c3\u02dc\u00c2\u00a7\u00c3\u02dc\u00c2\u00b2anelmen ringy\u00c3\u0192\u00c2\u00bcz\u00c3\u0192\u00c2\u00bck\u00c3\u02dc\u00c2\u00ae\u00c3\u02dc\u00c2\u00a7\u00c3\u02dc\u00c2\u00aa\u00c3\u2122\u2026 Smart ring health monitor, NFC smart ring, Andrew smart ring\u2026 Smart ring health monitor, NFC smart ring, Andrew smart ring\u2026 New technology 2024<\/span><\/p>\n<p><span style=\"font-size:12pt\">rings hombrezikr ring\u00c3\u02dc\u02c6\u00c3\u00ac\u2022\u2022\u00c3a\u00c2 \u0327\u00c2\u00b0\u00c3\u00a3\u201a\u00c21\u00c3\u00a3\u00c3\u00a3\u0192 Connecting human innovations with advanced technology\u2026 &#039;\u0192 homme\u00c3\u02dc\u00c2\u00ae\u00c3\u02dc\u00c2\u00a7\u00c3\u02dc\u00c2\u00c3\u2122\u2026 \u00c3\u02dc\u00c2\u00b0\u00c3\u2122\u0192\u00c3\u2122\u0160ring intelligent nfc monitoressmart ring uomoblood monitor Click to view vibrator\u2122\u2026 \u2018\u00b1\u201c \u00a7\u200f\u201d\u201d\u201dfrom style=\u201dline-height:inherit;margin:0px;margin-bottom:0px;margin-top:0px;margin-left:0px;margin-right:0px;padding:0px;padding-bottom:0px;padding-top:0px;padding-0\u2033pad&gt;Images of xiaomi ring \u00c3\u02dc\u00c2\u00c2\u00c3\u02dc\u00c23\u00c3\u02dc\u00c2\u2122 \u00c3\u02dc\u00c2\u00a7\u00c3\u2122\u201d\u00c3\u2122\u0192\u00c3\u2122\u2122\u2122\u00c3\u2122 See more at Physical Society. Yaomi\u00ae. \u00c3\u02dc\u00c2\u00a7\u00c3\u2122\u201e\u00c3\u2122\u0192\u00c3\u02dc\u00c2\u00c3\u02dc\u00c2\u00b1\u00c3\u2122\u2122&amp;# 710;\u00c3\u2122\u2020\u00c3&#039;\u00c3\u2122\u2020\u00c3&#039;\u00c3\u2122&#039;\u00c3&#039; Pages Media Social Media Social Media Social Media Social Media Health<\/span><\/p>\n<p style=\"font-size:12pt\">Pictures of theater, theater, theater, theater rooms r02sr200, theaters See more of iphon\u2026android ring and smart ring, forandroid tracker\u00c3\u00be\u00c2\u00bb\u00c3&#039;&#039;\u2020\u00c3\u00b0 View more from Facebook 2024?\u00c3\u00b6\u00c3\u00b5\u00c3\u00b5\u00c3\u00a2\u20442\u00c3&#039;\u00c3\u00a2\u00ba\u00c2 \u0327\u00c3\u00b5<\/span><\/p>\n<p style=\"SimSun;font-size:14px;font-weight:400;letter-spacing:normal;line-height:inherit;text-align:start;margin:0px;margin-bottom:0px;margin-left:0px;margin-right:0px;padding:0px;padding-bottom:0px;padding-top:0px;padding-left:0px;padding-right:0px\"><\/p>\n<\/p>\n<p><\/p>\n<p><\/p>\n<p><img class=\"img-responsive\" \/><img decoding=\"async\" class=\"img-responsive\" src=\"https:\/\/ae01.alicdn.com\/kf\/S14c4dc5f4fc0488e9a66c7442ba1dd1cZ.jpg\" \/><img decoding=\"async\" class=\"img-responsive\" src=\"https:\/\/ae01.alicdn.com\/kf\/S690f8e4aa13b435bb5b722d359175612P.jpg\" \/><img decoding=\"async\" class=\"img-responsive\" src=\"https:\/\/ae01.alicdn.com\/kf\/S481f83689735441fb26d51d0b4b55618B.jpg\" \/><img decoding=\"async\" class=\"img-responsive\" src=\"https:\/\/ae01.alicdn.com\/kf\/S9f70e7b8be1942f8b0e2ac815962fef4a.jpg\" \/><img decoding=\"async\" class=\"img-responsive\" src=\"https:\/\/ae01.alicdn.com\/kf\/Sf6958a4d05b44f909dc57f9db5d42539S.jpg\" \/><img decoding=\"async\" class=\"img-responsive\" src=\"https:\/\/ae01.alicdn.com\/kf\/S0f4a8c7f4e6f4959a4d5f95d8cc6826ds.jpg\" \/><img decoding=\"async\" class=\"img-responsive\" src=\"https:\/\/ae01.alicdn.com\/kf\/S33c1483b1cf94975a6da3fb6a269d60fv.jpg\" \/><img decoding=\"async\" class=\"img-responsive\" src=\"https:\/\/ae01.alicdn.com\/kf\/Sc0458b7f48db497590bfbaeb244a1958A.jpg\" \/><img decoding=\"async\" class=\"img-responsive\" src=\"https:\/\/ae01.alicdn.com\/kf\/S06d1f257748841b0a382a6346ac9c8cd7.jpg\" \/><img decoding=\"async\" class=\"img-responsive\" src=\"https:\/\/ae01.alicdn.com\/kf\/S80c4118131c54f91b073b38d02d7d217U.jpg\" \/><img decoding=\"async\" class=\"img-responsive\" src=\"https:\/\/ae01.alicdn.com\/kf\/S7507f26728644d4497ae5374b620e6010.jpg\" \/><img decoding=\"async\" class=\"img-responsive\" src=\"https:\/\/ae01.alicdn.com\/kf\/S9241eda9e334499482a972931948375aG.jpg\" \/><img decoding=\"async\" class=\"img-responsive\" src=\"https:\/\/ae01.alicdn.com\/kf\/S02ae7fbbbfe34c67bf013fda7374154dA.jpg\" \/><img decoding=\"async\" class=\"img-responsive\" src=\"https:\/\/ae01.alicdn.com\/kf\/S4d742eaf3b124ef49bb6a97a2846720bd.jpg\" \/><img decoding=\"async\" class=\"img-responsive\" src=\"https:\/\/ae01.alicdn.com\/kf\/S2d52f3a8af3e4db8b8b44639687c7055dcX.jpg\" \/><img decoding=\"async\" class=\"img-responsive\" src=\"https:\/\/ae01.alicdn.com\/kf\/Se5bddc8a1fa04353a76d6a1e0a54dc92v.jpg\" \/><img decoding=\"async\" class=\"img-responsive\" src=\"https:\/\/ae01.alicdn.com\/kf\/S4b0c821b38b348c88f05e54045c1024eZ.jpg\" \/><\/p>","protected":false},"excerpt":{"rendered":"<p>\u05d8\u05d1\u05e2\u05ea \u05d7\u05db\u05de\u05d4: \u05d0\u05dc\u05d2\u05e0\u05d8\u05d9\u05d5\u05ea \u05de\u05d9\u05e0\u05d9\u05de\u05dc\u05d9\u05e1\u05d8\u05d9\u05ea, \u05d1\u05d9\u05e6\u05d5\u05e2\u05d9\u05dd \u05d7\u05d3\u05e9\u05e0\u05d9\u05d9\u05dd \u05d8\u05d1\u05e2\u05d9\u05ea \u05d4\u05d7\u05db\u05de\u05d4 \u05d7\u05d5\u05e8\u05d2\u05ea \u05de\u05de\u05db\u05e9\u05d9\u05e8\u05d9\u05dd \u05dc\u05d1\u05d9\u05e9\u05d9\u05dd \u05d0\u05d9\u05e9\u05d9\u05d9\u05dd \u05e2\u05dd \u05e2\u05d9\u05e6\u05d5\u05d1 \u05de\u05d9\u05e0\u05d9\u05de\u05dc\u05d9\u05e1\u05d8\u05d9 \u05d5\u05e9\u05e7\u05d5\u05e3 \u05e4\u05e0\u05d9\u05de\u05d9 \u05e4\u05e0\u05d9\u05de\u05d9. \u05d4\u05d8\u05d1\u05e2\u05ea \u05d4\u05d7\u05db\u05de\u05d4 \u05de\u05e9\u05ea\u05de\u05e9\u05ea \u05d1\u05d8\u05db\u05e0\u05d5\u05dc\u05d5\u05d2\u05d9\u05d4 \u05de\u05ea\u05e7\u05d3\u05de\u05ea \u05db\u05d3\u05d9 \u05dc\u05d4\u05e9\u05d9\u05d2 \u05de\u05d9\u05d3\u05e2 \u05de\u05d3\u05d5\u05d9\u05e7 \u05d5\u05d9\u05d9\u05e6\u05d5\u05e8 \u05d7\u05db\u05dd. \u05d0\u05d5\u05e4\u05e0\u05ea\u05d9,<\/p>","protected":false},"featured_media":2286,"comment_status":"open","ping_status":"closed","template":"","meta":[],"product_brand":[],"product_cat":[56],"product_tag":[],"class_list":{"0":"post-1989","1":"product","2":"type-product","3":"status-publish","4":"has-post-thumbnail","6":"product_cat-rings","7":"pa_ring-size-71","8":"pa_ring-size-84","9":"pa_ring-size-27","10":"pa_ring-size-135","11":"pa_ring-size-215","12":"pa_ring-size-75","13":"pa_ring-size-74","14":"pa_ring-size-76","16":"first","17":"instock","18":"shipping-taxable","19":"purchasable","20":"product-type-simple"},"_links":{"self":[{"href":"https:\/\/kosher-store.com\/en\/wp-json\/wp\/v2\/product\/1989","targetHints":{"allow":["GET"]}}],"collection":[{"href":"https:\/\/kosher-store.com\/en\/wp-json\/wp\/v2\/product"}],"about":[{"href":"https:\/\/kosher-store.com\/en\/wp-json\/wp\/v2\/types\/product"}],"replies":[{"embeddable":true,"href":"https:\/\/kosher-store.com\/en\/wp-json\/wp\/v2\/comments?post=1989"}],"version-history":[{"count":5,"href":"https:\/\/kosher-store.com\/en\/wp-json\/wp\/v2\/product\/1989\/revisions"}],"predecessor-version":[{"id":5830,"href":"https:\/\/kosher-store.com\/en\/wp-json\/wp\/v2\/product\/1989\/revisions\/5830"}],"wp:featuredmedia":[{"embeddable":true,"href":"https:\/\/kosher-store.com\/en\/wp-json\/wp\/v2\/media\/2286"}],"wp:attachment":[{"href":"https:\/\/kosher-store.com\/en\/wp-json\/wp\/v2\/media?parent=1989"}],"wp:term":[{"taxonomy":"product_brand","embeddable":true,"href":"https:\/\/kosher-store.com\/en\/wp-json\/wp\/v2\/product_brand?post=1989"},{"taxonomy":"product_cat","embeddable":true,"href":"https:\/\/kosher-store.com\/en\/wp-json\/wp\/v2\/product_cat?post=1989"},{"taxonomy":"product_tag","embeddable":true,"href":"https:\/\/kosher-store.com\/en\/wp-json\/wp\/v2\/product_tag?post=1989"}],"curies":[{"name":"wp","href":"https:\/\/api.w.org\/{rel}","templated":true}]}}