{"id":1762,"date":"2025-07-29T11:31:04","date_gmt":"2025-07-29T08:31:04","guid":{"rendered":"https:\/\/kosher-store.com\/?post_type=product&#038;p=1762"},"modified":"2025-09-01T19:57:15","modified_gmt":"2025-09-01T16:57:15","slug":"kinel-unique-crystal-flower-ethnic-bride-rings-for-women-585-rose-gold-color-with-natural-zircon-accessories-daily-jewelry","status":"publish","type":"product","link":"https:\/\/kosher-store.com\/en\/product\/kinel-unique-crystal-flower-ethnic-bride-rings-for-women-585-rose-gold-color-with-natural-zircon-accessories-daily-jewelry\/","title":{"rendered":"Kinel Unique Ethnic Bridal Rings with Crystal Flowers for Women 585 Rose Gold Color with Natural Zircon and Accessories Daily Jewelry"},"content":{"rendered":"<p>\n<div class=\"detailmodule_image\"><\/div>\n<div class=\"detailmodule_image\"><a href=\"https:\/\/www.aliexpress.com\/item\/1005002555106151.html\" target=\"_self\" class=\"\" rel=\"noopener\"><img decoding=\"async\" class=\"detail-desc-decorate-image\" src=\"https:\/\/ae01.alicdn.com\/kf\/S40f9e385c82d4fa8afeea35533b02d6b2.jpg\" \/><\/a><a href=\"https:\/\/www.aliexpress.com\/item\/1005004078723277.html\" target=\"_self\" class=\"\" rel=\"noopener\"><img decoding=\"async\" class=\"detail-desc-decorate-image\" src=\"https:\/\/ae01.alicdn.com\/kf\/Scf9fd53ab62748878c1342beba462020X.jpg\" \/><\/a><a href=\"https:\/\/www.aliexpress.com\/item\/1005004080195809.html?spm=a2g0o.detail.1000023.6.29891896LrU6Bo\" target=\"_self\" class=\"\" rel=\"noopener\"><img decoding=\"async\" class=\"detail-desc-decorate-image\" src=\"https:\/\/ae01.alicdn.com\/kf\/S7ff6e39b9ec7470aa286258c1307f85aZ.jpg\" \/><\/a><\/div>\n<div class=\"detailmodule_text\">\n<p><span style=\"font-size:22px;, times, serif\"><strong>\u05e4\u05e8\u05d8\u05d9 \u05e7\u05d5\u05d3<\/strong><\/span><\/p>\n<p><img decoding=\"async\" src=\"https:\/\/ae01.alicdn.com\/kf\/S64f1b114de424251a0d9252ab8092dd0u.jpg\" \/><img decoding=\"async\" src=\"https:\/\/ae01.alicdn.com\/kf\/Sb39a1ccab45645d9aba6656eb73e3ccfa.jpg\" \/><img decoding=\"async\" src=\"https:\/\/ae01.alicdn.com\/kf\/Sb152f8d5e5c44151a0e7bfe0b5911708v.jpg\" \/><img decoding=\"async\" src=\"https:\/\/ae01.alicdn.com\/kf\/Sb2e8795f50b649f5b8fddf520b7fc0d2F.jpg\" \/><img decoding=\"async\" src=\"https:\/\/ae01.alicdn.com\/kf\/S2048b840fe714689a910ea2d43d521e6T.jpg\" \/><\/p>\n<\/div>\n<div class=\"detailmodule_text\">\n<p> style=&#8221;font-family:OpenSans;font-size:20px;font-weight:900;line-height:28px;white-space:pre-wrap;color:rgb(0, 0, 0);margin-bottom:12px&#8221; class=&#8221;detail-desc-decorate-title&#8221;&gt;roman-anti-viser&#8221;&#8221;, \u05e7\u05d5\u05d3<\/span><\/p>\n<\/div>\n<div class=\"detailmodule_text\">\n<p>\u05d8\u05d1\u05e2\u05d5\u05ea \u05db\u05dc\u05d4 \u05d0\u05ea\u05e0\u05d9\u05d5\u05ea \u05d9\u05d9\u05d7\u05d5\u05d3\u05d9\u05d5\u05ea \u05e2\u05dd \u05e4\u05e8\u05d7\u05d9 \u05e7\u05e8\u05d9\u05e1\u05d8\u05dc \u05dc\u05e0\u05e9\u05d9\u05dd \u05d1\u05e6\u05d1\u05e2 \u05d6\u05d4\u05d1 \u05d5\u05e8\u05d5\u05d3 585 \u05e2\u05dd \u05e7\u05d9\u05e0\u05dc\u05d9\u05dd \u05d8\u05d1\u05e2\u05d9 \u05d5\u05e8\u05d5\u05d3 585 \u05e2\u05dd \u05e7\u05d9\u05e0\u05dc\u05d9\u05dd \u05d8\u05d1\u05e2\u05d9<\/p>\n<p> class=&#8221;detailmodule_text&#8221;&gt;<\/p>\n<p>Item Type: Ring<\/p>\n<\/div>\n<div class=\"detailmodule_text\">\n<p><b><\/p>\n<p>Other stone: Natural zircon<\/p>\n<\/div>\n<div class=\"detailmodule_text\">\n<p>Material: Copper + Natural Cubic Zirconia + 585 Rose Gold Plating + Micro Wax Inlay (... Color retention time: Can last longer without contact with any liquid material: \u00c3&#039;\u00c3&#039;\u20ac\u00c3\u00c2\u00b5\u00c3\u00bc\u00c3&#039; \u00c3&#039;\u00c3&#039;\u00c3\u00c2\u00be\u00c3&#039;\u2026\u00c3&#039;\u20ac\u00c3\u00c2\u00b0\u00c3\u00c2\u00bd\u00c3&#039;\u00c3&#039;\u00c3&#039;\u201a\u00c3&#039;\u0152\u00c3\u00c2\u00bd\u00c3&#039;\u2039\u00c3\u00b9 \u00c3\u00c2\u00ba\u00c3&#039;\u0192\u00c3\u00c2\u00b1\u00c3\u00c2\u00b8\u00c3&#039;\u2021\u00c3\u00c2\u00b5\u00c3&#039;\u00c3\u00c2\u00ba\u00c3\u00c2\u00b8\u00c3&#039; Package length: )<\/p>\n<\/div>\n<div class=\"detailmodule_text\">\n<p>Occasion to wear: Wedding\/Engagement\/Anniversary\/Proposal\/Party\/Gift (Packing Length: Packing Length \/ Gift for: Girlfriend\/Wife\/Mom (Size: Length \/ Length \/ Length)<\/p>\n<\/div>\n<p>\u05d0\u05e8\u05d9\u05d6\u05d4: \u05db\u05dc \u05d0\u05d7\u05ea \u05d1\u05e9\u05e7\u05d9\u05ea OPP (\u05d0\u05d5\u05e8\u05da:)&gt;&gt;&gt;&gt;&gt; class=&#8221;detailmodule_text&#8221;&gt;<\/p>\n<p>Product dimensions<\/p>\n<\/div>\n<div class=\"detailmodule_image\"><img decoding=\"async\" class=\"detail-desc-decorate-image\" src=\"http:\/\/ae01.alicdn.com\/kf\/HTB12bkmKpXXXXbBXFXXq6xXFXXXI.jpg\" \/><\/div>\n<div class=\"detailmodule_text\">\n<p style=\"font-family:OpenSans;font-size:20px;font-weight:900;line-height:28px;margin-bottom:12px\" class=\"detail-desc-decorate-title\">Customer Reviews<\/p>\n<\/div>\n<div class=\"detailmodule_image\"><img decoding=\"async\" class=\"detail-desc-decorate-image\" src=\"http:\/\/ae01.alicdn.com\/kf\/HTB18bMAKpXXXXXmXpXXq6xXFXXX9.jpg\" \/><\/div>\n<div class=\"detailmodule_text\">\n<p style=\"font-family:OpenSans;font-size:20px;font-weight:900;line-height:28px;margin-bottom:12px\" class=\"detail-desc-decorate-title\">\u05d2\u05d9\u05d1\u05d5\u05e8 \u05d1\u05d0\u05d9\u05e8\u05d5\u05d9\u05d9\u05dd \u05e9\u05d5\u05e0\u05d9\u05dd<\/p>\n<\/div>\n<div class=\"detailmodule_image\"><img decoding=\"async\" class=\"detail-desc-decorate-image\" src=\"http:\/\/ae01.alicdn.com\/kf\/HTB1TT7BKpXXXXcgXXXXq6xXFXXXR.jpg\" \/><\/div>\n<div class=\"detailmodule_text\">\n<p style=\"font-family:OpenSans;font-size:20px;font-weight:900;line-height:28px;margin-bottom:12px\" class=\"detail-desc-decorate-title\">packing<\/p>\n<\/div>\n<div class=\"detailmodule_image\"><img decoding=\"async\" class=\"detail-desc-decorate-image\" src=\"http:\/\/ae01.alicdn.com\/kf\/HTB1.6.mKpXXXXbCXFXXq6xXFXXXX.jpg\" \/><\/div>\n<div class=\"detailmodule_text\">\n<p>Multiple items will be packed in boxes.<\/p>\n<\/div>\n<div class=\"detailmodule_text\">\n<p style=\"font-family:OpenSans;font-size:20px;font-weight:900;line-height:28px;margin-bottom:12px\" class=\"detail-desc-decorate-title\">\u05ea\u05d7\u05d6\u05e7\u05d5\u05ea<\/p>\n<\/div>\n<div class=\"detailmodule_image\"><img decoding=\"async\" class=\"detail-desc-decorate-image\" src=\"http:\/\/ae01.alicdn.com\/kf\/HTB1W.MsKpXXXXclXpXXq6xXFXXXU.jpg\" \/><a href=\"https:\/\/kinelretro.aliexpress.com\/store\/all-wholesale-products\/1252115.html?spm=a2g1y.12024536.pcShopHead_6302868.1\" target=\"_self\" class=\"\" rel=\"noopener\"><img decoding=\"async\" class=\"detail-desc-decorate-image\" src=\"http:\/\/ae01.alicdn.com\/kf\/HTB1_ht_XfWG3KVjSZFgq6zTspXaY.jpg\" \/><\/a><\/div>\n<p><\/p>\n<\/p>\n<p><img decoding=\"async\" class=\"\u05ea\u05d2\u05d5\u05d1\u05d4-\u05ea\u05d2\u05d5\u05d1\u05d4\" src=\"https:\/\/ae01.alicdn.com\/kf\/S40f9e385c82d4fa8afeea35533b02d6b2.jpg\" \/><img decoding=\"async\" class=\"img-responsive\" src=\"https:\/\/ae01.alicdn.com\/kf\/Scf9fd53ab62748878c1342beba462020X.jpg\" \/><img decoding=\"async\" class=\"img-responsive\" src=\"https:\/\/ae01.alicdn.com\/kf\/S7ff6e39b9ec7470aa286258c1307f85aZ.jpg\" \/><img decoding=\"async\" class=\"img-responsive\" src=\"http:\/\/ae01.alicdn.com\/kf\/HTB12bkmKpXXXXbBXFXXq6xXFXXXI.jpg\" \/><img decoding=\"async\" class=\"img-responsive\" src=\"http:\/\/ae01.alicdn.com\/kf\/HTB18bMAKpXXXXXmXpXXq6xXFXXX9.jpg\" \/><img decoding=\"async\" class=\"img-responsive\" src=\"http:\/\/ae01.alicdn.com\/kf\/HTB1TT7BKpXXXXcgXXXXq6xXFXXXR.jpg\" \/><img decoding=\"async\" class=\"img-responsive\" src=\"http:\/\/ae01.alicdn.com\/kf\/HTB1.6.mKpXXXXbCXFXXq6xXFXXXX.jpg\" \/><img decoding=\"async\" class=\"img-responsive\" src=\"http:\/\/ae01.alicdn.com\/kf\/HTB1W.MsKpXXXXclXpXXq6xXFXXXU.jpg\" \/><img decoding=\"async\" class=\"img-responsive\" src=\"http:\/\/ae01.alicdn.com\/kf\/HTB1_ht_XfWG3KVjSZFgq6zTspXaY.jpg\" \/><\/p>","protected":false},"excerpt":{"rendered":"<p>\u05e4\u05e8\u05d8\u05d9 \u05e7\u05d5\u05d3 style=&#8221;font-family:OpenSans;font-size:20px;font-weight:900;line-height:28px;white-space:pre-wrap;color:rgb(0, 0, 0);margin-bottom:12px&#8221; class=&#8221;detail-desc-decorate-title&#8221;&gt;roman-anti-viser&#8221;&#8221;, \u05e7\u05d5\u05d3 \u05d8\u05d1\u05e2\u05d5\u05ea \u05db\u05dc\u05d4 \u05d0\u05ea\u05e0\u05d9\u05d5\u05ea \u05d9\u05d9\u05d7\u05d5\u05d3\u05d9\u05d5\u05ea \u05e2\u05dd \u05e4\u05e8\u05d7\u05d9 \u05e7\u05e8\u05d9\u05e1\u05d8\u05dc \u05dc\u05e0\u05e9\u05d9\u05dd \u05d1\u05e6\u05d1\u05e2 \u05d6\u05d4\u05d1 \u05d5\u05e8\u05d5\u05d3 585 \u05e2\u05dd \u05e7\u05d9\u05e0\u05dc\u05d9\u05dd \u05d8\u05d1\u05e2\u05d9 \u05d5\u05e8\u05d5\u05d3 585 \u05e2\u05dd \u05e7\u05d9\u05e0\u05dc\u05d9\u05dd \u05d8\u05d1\u05e2\u05d9 class=&#8221;detailmodule_text&#8221;&gt; \u05e1\u05d5\u05d2 \u05e4\u05e8\u05d9\u05d8:<\/p>","protected":false},"featured_media":2032,"comment_status":"open","ping_status":"closed","template":"","meta":[],"product_brand":[],"product_cat":[15],"product_tag":[],"class_list":{"0":"post-1762","1":"product","2":"type-product","3":"status-publish","4":"has-post-thumbnail","6":"product_cat-default","7":"pa_main-stone-colo-z1324","8":"pa_ring-size-71","9":"pa_ring-size-75","10":"pa_ring-size-74","11":"pa_ring-size-76","13":"first","14":"instock","15":"shipping-taxable","16":"purchasable","17":"product-type-simple"},"_links":{"self":[{"href":"https:\/\/kosher-store.com\/en\/wp-json\/wp\/v2\/product\/1762","targetHints":{"allow":["GET"]}}],"collection":[{"href":"https:\/\/kosher-store.com\/en\/wp-json\/wp\/v2\/product"}],"about":[{"href":"https:\/\/kosher-store.com\/en\/wp-json\/wp\/v2\/types\/product"}],"replies":[{"embeddable":true,"href":"https:\/\/kosher-store.com\/en\/wp-json\/wp\/v2\/comments?post=1762"}],"version-history":[{"count":5,"href":"https:\/\/kosher-store.com\/en\/wp-json\/wp\/v2\/product\/1762\/revisions"}],"predecessor-version":[{"id":5831,"href":"https:\/\/kosher-store.com\/en\/wp-json\/wp\/v2\/product\/1762\/revisions\/5831"}],"wp:featuredmedia":[{"embeddable":true,"href":"https:\/\/kosher-store.com\/en\/wp-json\/wp\/v2\/media\/2032"}],"wp:attachment":[{"href":"https:\/\/kosher-store.com\/en\/wp-json\/wp\/v2\/media?parent=1762"}],"wp:term":[{"taxonomy":"product_brand","embeddable":true,"href":"https:\/\/kosher-store.com\/en\/wp-json\/wp\/v2\/product_brand?post=1762"},{"taxonomy":"product_cat","embeddable":true,"href":"https:\/\/kosher-store.com\/en\/wp-json\/wp\/v2\/product_cat?post=1762"},{"taxonomy":"product_tag","embeddable":true,"href":"https:\/\/kosher-store.com\/en\/wp-json\/wp\/v2\/product_tag?post=1762"}],"curies":[{"name":"wp","href":"https:\/\/api.w.org\/{rel}","templated":true}]}}